{"id":11423,"date":"2025-11-03T09:50:03","date_gmt":"2025-11-03T07:50:03","guid":{"rendered":"https:\/\/general.md\/?page_id=11423"},"modified":"2025-11-03T09:50:36","modified_gmt":"2025-11-03T07:50:36","slug":"general-asigurari-alaturi-de-tinerii-care-aduc-aurul-moldovei-la-olimpiada-mondiala-de-robotica","status":"publish","type":"page","link":"https:\/\/general.md\/en\/general-asigurari-alaturi-de-tinerii-care-aduc-aurul-moldovei-la-olimpiada-mondiala-de-robotica\/","title":{"rendered":"General Asigur\u0103ri, al\u0103turi de tinerii care aduc aurul Moldovei la Olimpiada Mondial\u0103 de Robotic\u0103"},"content":{"rendered":"<p class=\"qtranxs-available-languages-message qtranxs-available-languages-message-en\">Sorry, this entry is only available in <a href=\"https:\/\/general.md\/ro\/wp-json\/wp\/v2\/pages\/11423\" class=\"qtranxs-available-language-link qtranxs-available-language-link-ro\" title=\"Rom\">Rom<\/a>.<\/p>","protected":false},"excerpt":{"rendered":"<p>Sorry, this entry is only available in Rom.<\/p>\n","protected":false},"author":1,"featured_media":11424,"parent":0,"menu_order":0,"comment_status":"closed","ping_status":"closed","template":"","meta":{"_monsterinsights_skip_tracking":false,"_monsterinsights_sitenote_active":false,"_monsterinsights_sitenote_note":"","_monsterinsights_sitenote_category":0,"footnotes":""},"class_list":["post-11423","page","type-page","status-publish","has-post-thumbnail","hentry"],"_links":{"self":[{"href":"https:\/\/general.md\/en\/wp-json\/wp\/v2\/pages\/11423"}],"collection":[{"href":"https:\/\/general.md\/en\/wp-json\/wp\/v2\/pages"}],"about":[{"href":"https:\/\/general.md\/en\/wp-json\/wp\/v2\/types\/page"}],"author":[{"embeddable":true,"href":"https:\/\/general.md\/en\/wp-json\/wp\/v2\/users\/1"}],"replies":[{"embeddable":true,"href":"https:\/\/general.md\/en\/wp-json\/wp\/v2\/comments?post=11423"}],"version-history":[{"count":4,"href":"https:\/\/general.md\/en\/wp-json\/wp\/v2\/pages\/11423\/revisions"}],"predecessor-version":[{"id":11428,"href":"https:\/\/general.md\/en\/wp-json\/wp\/v2\/pages\/11423\/revisions\/11428"}],"wp:featuredmedia":[{"embeddable":true,"href":"https:\/\/general.md\/en\/wp-json\/wp\/v2\/media\/11424"}],"wp:attachment":[{"href":"https:\/\/general.md\/en\/wp-json\/wp\/v2\/media?parent=11423"}],"curies":[{"name":"wp","href":"https:\/\/api.w.org\/{rel}","templated":true}]}}