{"id":5,"date":"2017-10-24T08:52:36","date_gmt":"2017-10-24T08:52:36","guid":{"rendered":"https:\/\/general.md\/?page_id=5"},"modified":"2024-09-17T08:53:49","modified_gmt":"2024-09-17T05:53:49","slug":"acasa","status":"publish","type":"page","link":"https:\/\/general.md\/en\/","title":{"rendered":"Home"},"content":{"rendered":"<div class=\"wpb-content-wrapper\"><p>[vc_row full_width=&#8221;stretch_row&#8221; css_animation=&#8221;none&#8221;][vc_column][vc_page_header page_header_title=&#8221;Ave\u021bi nevoie de o asigurare? Rapid, Comod, Aproape!&#8221;][vc_insurance insurance_group=&#8221;%5B%7B%22insurance_icon%22%3A%22102%22%2C%22insurance_title%22%3A%22Auto%22%2C%22insurance_desc%22%3A%22RCA%2C%20CASCO%2C%20Carte%20Verde%22%2C%22insurance_link%22%3A%2262%22%7D%2C%7B%22insurance_icon%22%3A%22107%22%2C%22insurance_title%22%3A%22C%C4%83l%C4%83torii%22%2C%22insurance_desc%22%3A%22Asigurarea%20medical%C4%83%20%C3%AEn%20str%C4%83in%C4%83tate%22%2C%22insurance_link%22%3A%22140%22%7D%2C%7B%22insurance_icon%22%3A%22108%22%2C%22insurance_title%22%3A%22Bunuri%22%2C%22insurance_desc%22%3A%22Bunuri%20%C8%99i%20imobile%22%2C%22insurance_link%22%3A%22143%22%7D%2C%7B%22insurance_icon%22%3A%22109%22%2C%22insurance_title%22%3A%22Asigurare%20de%20persoane%22%2C%22insurance_desc%22%3A%22Asigurarea%20de%20accidente%22%2C%22insurance_link%22%3A%22148%22%7D%5D&#8221;][vc_action_block action_block_email=&#8221;daune@general.md&#8221; action_block_title=&#8221;Ave\u021bi ACCIDENT Auto? Suna\u021bi la:&#8221; action_block_phone=&#8221;RCA: (0)60 830 830 | CASCO: (0)62011680 | Carte Verde: (0)60601659&#8243; action_block_desc=&#8221;Suntem \u00eentotdeauna gata s\u0103 v\u0103 acord\u0103m o consulta\u021bie.&#8221; action_block_url=&#8221;168&#8243;]e-mail: <strong><a href=\"mailto:despagubiri@general.md\">despagubiri@general.md<\/a><\/strong>[\/vc_action_block][vc_row_inner][vc_column_inner width=&#8221;1\/3&#8243;][vc_instruction_block instruction_block_title=&#8221;Oficiile noastre teritoriale&#8221; instruction_block_desc=&#8221;Avem puncte de v\u00e2nz\u0103ri \u00een toat\u0103 republica&#8221; instruction_block_btn=&#8221;De g\u0103sit cel mai apropiat oficiu&#8221; instruction_block_url=&#8221;35&#8243;][\/vc_instruction_block][\/vc_column_inner][vc_column_inner width=&#8221;1\/3&#8243;][vc_instruction_block instruction_block_title=&#8221;Cota\u021bii on-line&#8221; instruction_block_desc=&#8221;Calculeaz\u0103 rapid costul asigur\u0103rii&#8221; instruction_block_btn=&#8221;Calculator&#8221; instruction_block_url=&#8221;168&#8243; hover_box=&#8221;yes&#8221;]<\/p>\n<p style=\"text-align: center;\">\u00a0<a href=\"https:\/\/general.md\/asigurare-rca\/\">Calculator RCA<\/a><br \/>\n<a href=\"https:\/\/general.md\/%D0%B7%D0%B5%D0%BB%D0%B5%D0%BD%D0%B0%D1%8F-%D0%BA%D0%B0%D1%80%D1%82%D0%B0\/\">Calculator Carte Verde<\/a><br \/>\n<a href=\"https:\/\/general.md\/vanzari-online\/\">Asigur\u0103ri Medicale peste hotare &#8211; achit\u0103 Online<\/a><br \/>\n<a href=\"https:\/\/general.md\/%d0%bd%d0%b5%d1%81%d1%87%d0%b0%d1%81%d1%82%d0%bd%d1%8b%d0%b5-%d1%81%d0%bb%d1%83%d1%87%d0%b0%d0%b8\/\">Calculator Accidente<\/a>[\/vc_instruction_block][\/vc_column_inner][vc_column_inner el_class=&#8221;feedback&#8221; width=&#8221;1\/3&#8243;][vc_instruction_block instruction_block_title=&#8221;Feed-back&#8221; instruction_block_desc=&#8221;P\u0103rerea Dumneavoastr\u0103 e important\u0103 pentru noi&#8221; instruction_block_btn=&#8221;Sugestiile Dumneavoastre&#8221;][\/vc_instruction_block][\/vc_column_inner][\/vc_row_inner][vc_news news_title=&#8221;Nout\u0103\u021bi&#8221;][\/vc_column][\/vc_row]<\/p>\n<\/div>","protected":false},"excerpt":{"rendered":"<p>[vc_row full_width=&#8221;stretch_row&#8221; css_animation=&#8221;none&#8221;][vc_column][vc_page_header page_header_title=&#8221;Ave\u021bi nevoie de o asigurare? Rapid, Comod, Aproape!&#8221;][vc_insurance insurance_group=&#8221;%5B%7B%22insurance_icon%22%3A%22102%22%2C%22insurance_title%22%3A%22Auto%22%2C%22insurance_desc%22%3A%22RCA%2C%20CASCO%2C%20Carte%20Verde%22%2C%22insurance_link%22%3A%2262%22%7D%2C%7B%22insurance_icon%22%3A%22107%22%2C%22insurance_title%22%3A%22C%C4%83l%C4%83torii%22%2C%22insurance_desc%22%3A%22Asigurarea%20medical%C4%83%20%C3%AEn%20str%C4%83in%C4%83tate%22%2C%22insurance_link%22%3A%22140%22%7D%2C%7B%22insurance_icon%22%3A%22108%22%2C%22insurance_title%22%3A%22Bunuri%22%2C%22insurance_desc%22%3A%22Bunuri%20%C8%99i%20imobile%22%2C%22insurance_link%22%3A%22143%22%7D%2C%7B%22insurance_icon%22%3A%22109%22%2C%22insurance_title%22%3A%22Asigurare%20de%20persoane%22%2C%22insurance_desc%22%3A%22Asigurarea%20de%20accidente%22%2C%22insurance_link%22%3A%22148%22%7D%5D&#8221;][vc_action_block action_block_email=&#8221;daune@general.md&#8221; action_block_title=&#8221;Ave\u021bi ACCIDENT Auto? Suna\u021bi la:&#8221; action_block_phone=&#8221;RCA: (0)60 830 830 | CASCO: (0)62011680 | Carte Verde: (0)60601659&#8243; action_block_desc=&#8221;Suntem \u00eentotdeauna gata s\u0103 v\u0103 acord\u0103m o consulta\u021bie.&#8221; action_block_url=&#8221;168&#8243;]e-mail: despagubiri@general.md[\/vc_action_block][vc_row_inner][vc_column_inner width=&#8221;1\/3&#8243;][vc_instruction_block instruction_block_title=&#8221;Oficiile noastre teritoriale&#8221; instruction_block_desc=&#8221;Avem puncte de v\u00e2nz\u0103ri \u00een toat\u0103 republica&#8221; instruction_block_btn=&#8221;De g\u0103sit cel mai apropiat [&hellip;]<\/p>\n","protected":false},"author":1,"featured_media":0,"parent":0,"menu_order":0,"comment_status":"closed","ping_status":"closed","template":"pages\/home.php","meta":{"_monsterinsights_skip_tracking":false,"_monsterinsights_sitenote_active":false,"_monsterinsights_sitenote_note":"","_monsterinsights_sitenote_category":0,"footnotes":""},"class_list":["post-5","page","type-page","status-publish","hentry"],"_links":{"self":[{"href":"https:\/\/general.md\/en\/wp-json\/wp\/v2\/pages\/5"}],"collection":[{"href":"https:\/\/general.md\/en\/wp-json\/wp\/v2\/pages"}],"about":[{"href":"https:\/\/general.md\/en\/wp-json\/wp\/v2\/types\/page"}],"author":[{"embeddable":true,"href":"https:\/\/general.md\/en\/wp-json\/wp\/v2\/users\/1"}],"replies":[{"embeddable":true,"href":"https:\/\/general.md\/en\/wp-json\/wp\/v2\/comments?post=5"}],"version-history":[{"count":8,"href":"https:\/\/general.md\/en\/wp-json\/wp\/v2\/pages\/5\/revisions"}],"predecessor-version":[{"id":6815,"href":"https:\/\/general.md\/en\/wp-json\/wp\/v2\/pages\/5\/revisions\/6815"}],"wp:attachment":[{"href":"https:\/\/general.md\/en\/wp-json\/wp\/v2\/media?parent=5"}],"curies":[{"name":"wp","href":"https:\/\/api.w.org\/{rel}","templated":true}]}}